{"id":118,"date":"2015-05-11T03:16:59","date_gmt":"2015-05-11T03:16:59","guid":{"rendered":"http:\/\/164.77.116.3\/lfiacportal\/?page_id=118"},"modified":"2015-09-22T17:54:03","modified_gmt":"2015-09-22T17:54:03","slug":"templo-menor","status":"publish","type":"page","link":"https:\/\/www.andacolloconectado.cl\/index.php\/turismo\/templo-menor\/","title":{"rendered":"Templo Chico"},"content":{"rendered":"<p style=\"text-align: justify;\">El <strong>Templo Chico<\/strong> fue erigido en 1772, y es el lugar de residencia habitual de la sagrada imagen de la <strong>Virgen de Andacollo<\/strong>. Comenz\u00f3 siendo una peque\u00f1a capillita de paredes de barro y techo de coir\u00f3n.<\/p>\n<p><!--more--><\/p>\n<p style=\"text-align: justify;\">Paulatinamente, y a fuerza de la devoci\u00f3n creciente del pueblo, se fue transformando en un templo de aspecto austero pero con una decoraci\u00f3n barroca, sobre todo en el retablo recubierto de plata donde se venera la i<strong>magen milagrosa<\/strong>. Un vest\u00edbulo provisto de escalinatas de m\u00e1rmol negro conduce al camar\u00edn de la <strong>Virgen<\/strong>, consistente en un oratorio octogonal dotado de una elegante c\u00fapula sostenida por columnas corintias y adornado con los misterios del <strong>Santo Rosario<\/strong>. En el camar\u00edn los devotos tiene una visi\u00f3n aproximada de la imagen, que se puede girar a voluntad, y pueden all\u00ed expresar sus peticiones.<\/p>\n<p style=\"text-align: justify;\">En el <strong>Museo de Ofrendas<\/strong> adyacente los peregrinos pueden admirar una enorme cantidad de regalos y exvotos, entre ellos descuellan los regalos de la <strong>Gran China<\/strong>, la ropa de gala de la <strong>Virgen<\/strong>, la sala de los Jarrones y una valiosa colecci\u00f3n de joyas.<\/p>\n","protected":false},"excerpt":{"rendered":"<p>El Templo Chico fue erigido en 1772, y es el lugar de residencia habitual de la sagrada imagen de la Virgen de Andacollo. Comenz\u00f3 siendo una peque\u00f1a capillita de paredes de barro y techo de coir\u00f3n.<\/p>\n","protected":false},"author":4,"featured_media":0,"parent":51,"menu_order":2,"comment_status":"open","ping_status":"open","template":"page-single-turismo.php","meta":{"_acf_changed":false,"footnotes":""},"acf":[],"aioseo_notices":[],"_links":{"self":[{"href":"https:\/\/www.andacolloconectado.cl\/index.php\/wp-json\/wp\/v2\/pages\/118"}],"collection":[{"href":"https:\/\/www.andacolloconectado.cl\/index.php\/wp-json\/wp\/v2\/pages"}],"about":[{"href":"https:\/\/www.andacolloconectado.cl\/index.php\/wp-json\/wp\/v2\/types\/page"}],"author":[{"embeddable":true,"href":"https:\/\/www.andacolloconectado.cl\/index.php\/wp-json\/wp\/v2\/users\/4"}],"replies":[{"embeddable":true,"href":"https:\/\/www.andacolloconectado.cl\/index.php\/wp-json\/wp\/v2\/comments?post=118"}],"version-history":[{"count":14,"href":"https:\/\/www.andacolloconectado.cl\/index.php\/wp-json\/wp\/v2\/pages\/118\/revisions"}],"predecessor-version":[{"id":924,"href":"https:\/\/www.andacolloconectado.cl\/index.php\/wp-json\/wp\/v2\/pages\/118\/revisions\/924"}],"up":[{"embeddable":true,"href":"https:\/\/www.andacolloconectado.cl\/index.php\/wp-json\/wp\/v2\/pages\/51"}],"wp:attachment":[{"href":"https:\/\/www.andacolloconectado.cl\/index.php\/wp-json\/wp\/v2\/media?parent=118"}],"curies":[{"name":"wp","href":"https:\/\/api.w.org\/{rel}","templated":true}]}}