{"id":1628,"date":"2016-01-27T14:35:26","date_gmt":"2016-01-27T14:35:26","guid":{"rendered":"http:\/\/www.andacolloconectado.cl\/?page_id=1628"},"modified":"2016-03-14T11:28:53","modified_gmt":"2016-03-14T11:28:53","slug":"guia-turistica-andacollo","status":"publish","type":"page","link":"https:\/\/www.andacolloconectado.cl\/index.php\/turismo\/guia-turistica-andacollo\/","title":{"rendered":"Gu\u00eda Tur\u00edstica Andacollo"},"content":{"rendered":"<p>La religiosidad, la miner\u00eda, los cielos despejados y el descubrimiento del cosmos. Todo esto y m\u00e1s puedes disfrutar y conocer en nuestra comuna. <!--more--><\/p>\n<p>Te invitamos a revisar esta completa <strong>gu\u00eda tur\u00edstica<\/strong>, en la que encontrar\u00e1s diferentes panoramas y rutas por recorrer. \u00bfQu\u00e9 hacer y d\u00f3nde ir? Desc\u00fabrelo <a href=\"http:\/\/www.andacolloconectado.cl\/wp-content\/uploads\/2016\/03\/guia_andacollo_diseno_final_2016.pdf\" target=\"_blank\">aqu\u00ed<\/a><\/p>\n","protected":false},"excerpt":{"rendered":"<p>La religiosidad, la miner\u00eda, los cielos despejados y el descubrimiento del cosmos. Todo esto y m\u00e1s puedes disfrutar y conocer en nuestra comuna.<\/p>\n","protected":false},"author":3,"featured_media":0,"parent":51,"menu_order":1,"comment_status":"open","ping_status":"open","template":"page-single-turismo.php","meta":{"_acf_changed":false,"footnotes":""},"acf":[],"aioseo_notices":[],"_links":{"self":[{"href":"https:\/\/www.andacolloconectado.cl\/index.php\/wp-json\/wp\/v2\/pages\/1628"}],"collection":[{"href":"https:\/\/www.andacolloconectado.cl\/index.php\/wp-json\/wp\/v2\/pages"}],"about":[{"href":"https:\/\/www.andacolloconectado.cl\/index.php\/wp-json\/wp\/v2\/types\/page"}],"author":[{"embeddable":true,"href":"https:\/\/www.andacolloconectado.cl\/index.php\/wp-json\/wp\/v2\/users\/3"}],"replies":[{"embeddable":true,"href":"https:\/\/www.andacolloconectado.cl\/index.php\/wp-json\/wp\/v2\/comments?post=1628"}],"version-history":[{"count":8,"href":"https:\/\/www.andacolloconectado.cl\/index.php\/wp-json\/wp\/v2\/pages\/1628\/revisions"}],"predecessor-version":[{"id":1804,"href":"https:\/\/www.andacolloconectado.cl\/index.php\/wp-json\/wp\/v2\/pages\/1628\/revisions\/1804"}],"up":[{"embeddable":true,"href":"https:\/\/www.andacolloconectado.cl\/index.php\/wp-json\/wp\/v2\/pages\/51"}],"wp:attachment":[{"href":"https:\/\/www.andacolloconectado.cl\/index.php\/wp-json\/wp\/v2\/media?parent=1628"}],"curies":[{"name":"wp","href":"https:\/\/api.w.org\/{rel}","templated":true}]}}