{"id":171,"date":"2015-05-12T04:10:37","date_gmt":"2015-05-12T04:10:37","guid":{"rendered":"http:\/\/164.77.116.3\/lfiacportal\/?page_id=171"},"modified":"2015-09-22T18:30:17","modified_gmt":"2015-09-22T18:30:17","slug":"educacion","status":"publish","type":"page","link":"https:\/\/www.andacolloconectado.cl\/index.php\/comunidad\/educacion\/","title":{"rendered":"Educaci\u00f3n"},"content":{"rendered":"<p style=\"text-align: justify;\"><strong>Centro Educativo comienza etapa de dise\u00f1o<\/strong><br \/>\nEl Liceo Pedro Regalado Videla compartir\u00eda nuevo establecimiento junto a la Escuela Luis Cruz Mart\u00ednez.<\/p>\n<p style=\"text-align: justify;\">Uno de los proyectos m\u00e1s importantes para nuestra comuna es la materializaci\u00f3n del nuevo Centro Educativo.<!--more-->Que tendr\u00eda una capacidad de 850 alumnos, al unir al Liceo Pedro Regalado Videla Ordenes y al Colegio Luis Cruz Mart\u00ednez.<\/p>\n<p>En esa l\u00ednea, tras un acuerdo de la Mesa Ejecutiva por Andacollo, se est\u00e1 desarrollando el dise\u00f1o de esta obra, por un costo de $ 150 millones. De esta manera, se podr\u00e1 acceder a recursos p\u00fablicos para su ejecuci\u00f3n.<\/p>\n<p style=\"text-align: justify;\">\u201cEn este momento, en la regi\u00f3n existen cuatro proyectos con este est\u00e1ndar de excelencia, pero \u00e9ste en particular cuenta con grandes posibilidades de materializarse en el corto a mediano plazo\u201d, explic\u00f3 el Seremi de Educaci\u00f3n de la Regi\u00f3n de Coquimbo, Pedro Esparza.<br \/>\nPara el Jefe del Departamento de Educaci\u00f3n de La Municipalidad de Andacollo, Renato Galleguillo, este proyecto representa un anhelo para la comunidad que abrir\u00e1 nuevas ofertas acad\u00e9micas para los j\u00f3venes de la comuna. \u201cLa idea es tener un s\u00f3lo establecimiento que albergue desde pre b\u00e1sica hasta ense\u00f1anza media, con las modalidades t\u00e9cnico profesional y humanista cient\u00edfica\u201d, se\u00f1al\u00f3.<\/p>\n<p style=\"text-align: justify;\">El nuevo Centro Educacional de Andacollo, CEA, tendr\u00eda una multicancha moderna y completamente techada, amplios espacios de esparcimiento y salas de \u00faltima generaci\u00f3n donde el enfoque ser\u00e1 al aprendizaje grupal.<\/p>\n","protected":false},"excerpt":{"rendered":"<p>Centro Educativo comienza etapa de dise\u00f1o El Liceo Pedro Regalado Videla compartir\u00eda nuevo establecimiento junto a la Escuela Luis Cruz Mart\u00ednez. Uno de los proyectos m\u00e1s importantes para nuestra comuna es la materializaci\u00f3n del nuevo Centro Educativo.<\/p>\n","protected":false},"author":4,"featured_media":0,"parent":75,"menu_order":1,"comment_status":"open","ping_status":"open","template":"page-single-comunidad.php","meta":{"_acf_changed":false,"footnotes":""},"acf":[],"aioseo_notices":[],"_links":{"self":[{"href":"https:\/\/www.andacolloconectado.cl\/index.php\/wp-json\/wp\/v2\/pages\/171"}],"collection":[{"href":"https:\/\/www.andacolloconectado.cl\/index.php\/wp-json\/wp\/v2\/pages"}],"about":[{"href":"https:\/\/www.andacolloconectado.cl\/index.php\/wp-json\/wp\/v2\/types\/page"}],"author":[{"embeddable":true,"href":"https:\/\/www.andacolloconectado.cl\/index.php\/wp-json\/wp\/v2\/users\/4"}],"replies":[{"embeddable":true,"href":"https:\/\/www.andacolloconectado.cl\/index.php\/wp-json\/wp\/v2\/comments?post=171"}],"version-history":[{"count":14,"href":"https:\/\/www.andacolloconectado.cl\/index.php\/wp-json\/wp\/v2\/pages\/171\/revisions"}],"predecessor-version":[{"id":933,"href":"https:\/\/www.andacolloconectado.cl\/index.php\/wp-json\/wp\/v2\/pages\/171\/revisions\/933"}],"up":[{"embeddable":true,"href":"https:\/\/www.andacolloconectado.cl\/index.php\/wp-json\/wp\/v2\/pages\/75"}],"wp:attachment":[{"href":"https:\/\/www.andacolloconectado.cl\/index.php\/wp-json\/wp\/v2\/media?parent=171"}],"curies":[{"name":"wp","href":"https:\/\/api.w.org\/{rel}","templated":true}]}}