{"id":173,"date":"2015-05-12T04:11:20","date_gmt":"2015-05-12T04:11:20","guid":{"rendered":"http:\/\/164.77.116.3\/lfiacportal\/?page_id=173"},"modified":"2015-09-22T14:48:28","modified_gmt":"2015-09-22T14:48:28","slug":"seguridad","status":"publish","type":"page","link":"https:\/\/www.andacolloconectado.cl\/index.php\/comunidad\/seguridad\/","title":{"rendered":"Emprendimiento"},"content":{"rendered":"<p style=\"text-align: justify;\"><strong>Alta participaci\u00f3n en lanzamiento de C\u00edrculo de Emprendedores de Andacollo<\/strong><br \/>\nLa actividad inaugural cont\u00f3 con m\u00e1s de 180 emprendedores, quienes trabajar\u00e1n en asociatividad y promoci\u00f3n del desarrollo econ\u00f3mico de la comuna.<\/p>\n<p><!--more--><\/p>\n<p style=\"text-align: justify;\">Fomentar el emprendimiento en la comuna a trav\u00e9s de la generaci\u00f3n de espacios, la entrega de conocimientos y el apoyo en la formaci\u00f3n de redes de negocio son algunos de los objetivos del C\u00edrculo de Emprendedores de Andacollo, que durante su inauguraci\u00f3n, cont\u00f3 con m\u00e1s de 180 participantes. Yael Peque\u00f1o, emprendedora andacollina desde el 2012, explic\u00f3 que \u201cel principal reto que vivi\u00f3 en su emprendimiento fue la falta de contacto y redes, pero que gracias al apoyo de Teck CDA, nos asociamos y tuvimos mejores oportunidades de postular a proyectos\u201d.<\/p>\n<p style=\"text-align: justify;\">Los asistentes, en su mayor\u00eda mujeres, calificaron como positiva la instancia que contribuye a mejorar sus oportunidades laborales. \u201cEs una iniciativa que ayuda a cumplir lo sue\u00f1os de las personas, apoya a las familias que quieren mejorar sus condiciones y permite sentirnos orgullosos de nosotros mismo\u201d, indic\u00f3 Maritza Segovia.<\/p>\n","protected":false},"excerpt":{"rendered":"<p>Alta participaci\u00f3n en lanzamiento de C\u00edrculo de Emprendedores de Andacollo La actividad inaugural cont\u00f3 con m\u00e1s de 180 emprendedores, quienes trabajar\u00e1n en asociatividad y promoci\u00f3n del desarrollo econ\u00f3mico de la comuna.<\/p>\n","protected":false},"author":4,"featured_media":0,"parent":75,"menu_order":2,"comment_status":"open","ping_status":"open","template":"page-single-comunidad.php","meta":{"_acf_changed":false,"footnotes":""},"acf":[],"aioseo_notices":[],"_links":{"self":[{"href":"https:\/\/www.andacolloconectado.cl\/index.php\/wp-json\/wp\/v2\/pages\/173"}],"collection":[{"href":"https:\/\/www.andacolloconectado.cl\/index.php\/wp-json\/wp\/v2\/pages"}],"about":[{"href":"https:\/\/www.andacolloconectado.cl\/index.php\/wp-json\/wp\/v2\/types\/page"}],"author":[{"embeddable":true,"href":"https:\/\/www.andacolloconectado.cl\/index.php\/wp-json\/wp\/v2\/users\/4"}],"replies":[{"embeddable":true,"href":"https:\/\/www.andacolloconectado.cl\/index.php\/wp-json\/wp\/v2\/comments?post=173"}],"version-history":[{"count":10,"href":"https:\/\/www.andacolloconectado.cl\/index.php\/wp-json\/wp\/v2\/pages\/173\/revisions"}],"predecessor-version":[{"id":880,"href":"https:\/\/www.andacolloconectado.cl\/index.php\/wp-json\/wp\/v2\/pages\/173\/revisions\/880"}],"up":[{"embeddable":true,"href":"https:\/\/www.andacolloconectado.cl\/index.php\/wp-json\/wp\/v2\/pages\/75"}],"wp:attachment":[{"href":"https:\/\/www.andacolloconectado.cl\/index.php\/wp-json\/wp\/v2\/media?parent=173"}],"curies":[{"name":"wp","href":"https:\/\/api.w.org\/{rel}","templated":true}]}}