{"id":175,"date":"2015-05-12T04:12:55","date_gmt":"2015-05-12T04:12:55","guid":{"rendered":"http:\/\/164.77.116.3\/lfiacportal\/?page_id=175"},"modified":"2015-09-22T14:30:49","modified_gmt":"2015-09-22T14:30:49","slug":"salud","status":"publish","type":"page","link":"https:\/\/www.andacolloconectado.cl\/index.php\/comunidad\/salud\/","title":{"rendered":"Salud"},"content":{"rendered":"<p><strong>\u00bfSabes qu\u00e9 es el Panel Ambiental Comunitario?<\/strong><br \/>\nEsta instancia re\u00fane a representantes de la comunidad, autoridades comunales y regionales, y Teck Carmen de Andacollo con el objetivo de establecer un proceso de di\u00e1logo permanente por temas ambientales.<\/p>\n<p><!--more--><\/p>\n<p>Con el prop\u00f3sito de contribuir a mejorar las condiciones ambientales de Andacollo, Teck CDA e integrantes de la comunidad, se unieron en un trabajo colaborativo para la formulaci\u00f3n de acuerdos que permitan contribuir a la innovaci\u00f3n, la educaci\u00f3n y a la generaci\u00f3n de proyectos ambientales en la comuna.<\/p>\n<p>Tras la firma de acuerdo y con la constituci\u00f3n de la Mesa Ejecutiva por Andacollo, el Panel Ambiental Comunitario pas\u00f3 a liderar el eje \u201cMedio Ambiente\u201d, desarrollado en el marco de esta alianza p\u00fablico- privada.<\/p>\n<p>La iniciativa cuenta con el apoyo de Fundaci\u00f3n Casa de La Paz, organizaci\u00f3n encargada de mediar el proceso de di\u00e1logo entre los diversos actores involucrados en el tema.<\/p>\n","protected":false},"excerpt":{"rendered":"<p>\u00bfSabes qu\u00e9 es el Panel Ambiental Comunitario? Esta instancia re\u00fane a representantes de la comunidad, autoridades comunales y regionales, y Teck Carmen de Andacollo con el objetivo de establecer un proceso de di\u00e1logo permanente por temas ambientales.<\/p>\n","protected":false},"author":4,"featured_media":0,"parent":75,"menu_order":3,"comment_status":"open","ping_status":"open","template":"page-single-comunidad.php","meta":{"_acf_changed":false,"footnotes":""},"acf":[],"aioseo_notices":[],"_links":{"self":[{"href":"https:\/\/www.andacolloconectado.cl\/index.php\/wp-json\/wp\/v2\/pages\/175"}],"collection":[{"href":"https:\/\/www.andacolloconectado.cl\/index.php\/wp-json\/wp\/v2\/pages"}],"about":[{"href":"https:\/\/www.andacolloconectado.cl\/index.php\/wp-json\/wp\/v2\/types\/page"}],"author":[{"embeddable":true,"href":"https:\/\/www.andacolloconectado.cl\/index.php\/wp-json\/wp\/v2\/users\/4"}],"replies":[{"embeddable":true,"href":"https:\/\/www.andacolloconectado.cl\/index.php\/wp-json\/wp\/v2\/comments?post=175"}],"version-history":[{"count":7,"href":"https:\/\/www.andacolloconectado.cl\/index.php\/wp-json\/wp\/v2\/pages\/175\/revisions"}],"predecessor-version":[{"id":869,"href":"https:\/\/www.andacolloconectado.cl\/index.php\/wp-json\/wp\/v2\/pages\/175\/revisions\/869"}],"up":[{"embeddable":true,"href":"https:\/\/www.andacolloconectado.cl\/index.php\/wp-json\/wp\/v2\/pages\/75"}],"wp:attachment":[{"href":"https:\/\/www.andacolloconectado.cl\/index.php\/wp-json\/wp\/v2\/media?parent=175"}],"curies":[{"name":"wp","href":"https:\/\/api.w.org\/{rel}","templated":true}]}}