{"id":191,"date":"2015-05-12T04:21:38","date_gmt":"2015-05-12T04:21:38","guid":{"rendered":"http:\/\/164.77.116.3\/lfiacportal\/?page_id=191"},"modified":"2016-09-05T19:59:58","modified_gmt":"2016-09-05T19:59:58","slug":"el-proyecto","status":"publish","type":"page","link":"https:\/\/www.andacolloconectado.cl\/index.php\/el-proyecto\/","title":{"rendered":"El Proyecto"},"content":{"rendered":"<p><strong>\u00bfQu\u00e9 es Andacollo Conectado?<\/strong><\/p>\n<p style=\"text-align: justify;\">Andacollo Conectado es una Intranet Comunitaria que integra a las \u00e1reas de educaci\u00f3n, seguridad, social y salud. Es una iniciativa desarrollada por Teck Carmen de Andacollo, como parte de sus acciones de apoyo y colaboraci\u00f3n con sus comunidades vecinas. Se trata de un proyecto \u00fanico en el pa\u00eds y Latinoam\u00e9rica.<\/p>\n<p style=\"text-align: justify;\">Con este proyecto se ayuda a disminuir la brecha digital de la comuna, donde se pone a disposici\u00f3n de los habitantes, recursos tecnol\u00f3gicos que les abrir\u00e1n diversas oportunidades de desarrollo y crecimiento.<\/p>\n<p><strong>Las implicancias del proyecto<\/strong><\/p>\n<p style=\"text-align: justify;\">El proyecto contempla tres componentes b\u00e1sicos: telefon\u00eda IP (anexos), portal comunitario y acceso a Internet.<\/p>\n<p style=\"text-align: justify;\">Lo anterior implica que se ha dotado de telefon\u00eda e Internet gratuita a la municipalidad, a los establecimientos educacionales municipalizados, al hospital, bomberos y carabineros de Andacollo, utilizando este portal cautivo de acceso que, adem\u00e1s, permitir\u00e1 ofrecer servicios e informaci\u00f3n a la comunidad.<\/p>\n<p><strong>Tecnolog\u00eda del Sistema<\/strong><\/p>\n<p style=\"text-align: justify;\">Para concretar esta idea se instal\u00f3 una red de fibra \u00f3ptica de 9 kil\u00f3metros de longitud, que comienza desde la Municipalidad de Andacollo hasta la mayor\u00eda de los establecimientos educacionales de la comuna.<\/p>\n<p style=\"text-align: justify;\">Las escuelas El Cobre y La Caldera, ubicadas en sectores rurales, se conectan mediante una red Wimax desde el cerro Gasha.<\/p>\n<p style=\"text-align: justify;\">Las conexiones para el hospital, bomberos y\u00a0 carabineros se realizan por medio de enlaces inal\u00e1mbricos desde el municipio.<\/p>\n<p><strong>Beneficios en Educaci\u00f3n:<\/strong><\/p>\n<ul>\n<li>8 aulas digitales para escuelas municipales y 2 rurales.<\/li>\n<li>Capacitaci\u00f3n de profesores.<\/li>\n<li>Incorporaci\u00f3n creciente de herramientas tecnol\u00f3gicas al proceso de aprendizaje.<\/li>\n<\/ul>\n<p><strong>Beneficios en Salud:<\/strong><\/p>\n<ul>\n<li>El Hospital de Andacollo (Tipo 4) y Coquimbo (Tipo 1) fueron implementados con equipamiento orientados a la teleconsulta.<\/li>\n<li>Facilidad de acceso a la atenci\u00f3n m\u00e9dica especializada en Coquimbo.<\/li>\n<\/ul>\n<p><strong>Beneficios en la Red Social:<\/strong><\/p>\n<ul>\n<li>Intranet con acceso a informaci\u00f3n y noticias de la comuna.<\/li>\n<li>M\u00e1s de 100 andacollinos capacitados como reporteros ciudadanos.<\/li>\n<li>Implementaci\u00f3n de un Comit\u00e9 Editor, compuesto por representantes de la Uni\u00f3n Comunal de la Junta de Vecinos de Andacollo, el municipio local y Comunicaciones de Teck Carmen de Andacollo.<\/li>\n<\/ul>\n<p><strong>Beneficios en Seguridad:<\/strong><\/p>\n<ul>\n<li>Este proyecto contempla c\u00e1maras de televigilancia instaladas en distintos puntos de la comuna; permitir\u00e1n monitorear de manera permanente.<\/li>\n<li>Transmisi\u00f3n de fechas importantes como las celebraciones en honor a la Virgen de Andacollo y posibilidad de observaci\u00f3n para personas fuera de la comuna.<\/li>\n<li>Los establecimientos educacionales, incluso aquellos ubicados en lugares rurales sin acceso a luz el\u00e9ctrica, tendr\u00e1n comunicaci\u00f3n permanente con los servicios p\u00fablicos de emergencia (Carabineros, Bomberos, Hospital y Municipio).<\/li>\n<\/ul>\n<p><strong>Detalles<\/strong>:<\/p>\n<ul>\n<li>8 KM de Fibra \u00d3ptica<\/li>\n<li>348 puntos de datos<\/li>\n<li>142 equipos<\/li>\n<li>68 tel\u00e9fonos IP<\/li>\n<li>14 antenas<\/li>\n<li>Cobertura para 8 mil andacollinos<\/li>\n<li>1 unidad m\u00f3vil de asistencia m\u00e9dica para sectores rurales<\/li>\n<\/ul>\n","protected":false},"excerpt":{"rendered":"<p>\u00bfQu\u00e9 es Andacollo Conectado? Andacollo Conectado es una Intranet Comunitaria que integra a las \u00e1reas de educaci\u00f3n, seguridad, social y salud. Es una iniciativa desarrollada por Teck Carmen de Andacollo, como parte de sus acciones de apoyo y colaboraci\u00f3n con sus comunidades vecinas. Se trata de un proyecto \u00fanico en el pa\u00eds y Latinoam\u00e9rica. Con [&hellip;]<\/p>\n","protected":false},"author":4,"featured_media":0,"parent":0,"menu_order":0,"comment_status":"open","ping_status":"open","template":"","meta":{"_acf_changed":false,"footnotes":""},"acf":[],"aioseo_notices":[],"_links":{"self":[{"href":"https:\/\/www.andacolloconectado.cl\/index.php\/wp-json\/wp\/v2\/pages\/191"}],"collection":[{"href":"https:\/\/www.andacolloconectado.cl\/index.php\/wp-json\/wp\/v2\/pages"}],"about":[{"href":"https:\/\/www.andacolloconectado.cl\/index.php\/wp-json\/wp\/v2\/types\/page"}],"author":[{"embeddable":true,"href":"https:\/\/www.andacolloconectado.cl\/index.php\/wp-json\/wp\/v2\/users\/4"}],"replies":[{"embeddable":true,"href":"https:\/\/www.andacolloconectado.cl\/index.php\/wp-json\/wp\/v2\/comments?post=191"}],"version-history":[{"count":19,"href":"https:\/\/www.andacolloconectado.cl\/index.php\/wp-json\/wp\/v2\/pages\/191\/revisions"}],"predecessor-version":[{"id":2791,"href":"https:\/\/www.andacolloconectado.cl\/index.php\/wp-json\/wp\/v2\/pages\/191\/revisions\/2791"}],"wp:attachment":[{"href":"https:\/\/www.andacolloconectado.cl\/index.php\/wp-json\/wp\/v2\/media?parent=191"}],"curies":[{"name":"wp","href":"https:\/\/api.w.org\/{rel}","templated":true}]}}