{"id":360,"date":"2015-05-19T20:36:29","date_gmt":"2015-05-19T20:36:29","guid":{"rendered":"http:\/\/164.77.116.3\/lfiacportal\/?page_id=360"},"modified":"2015-09-22T18:22:36","modified_gmt":"2015-09-22T18:22:36","slug":"observatorio-collowara","status":"publish","type":"page","link":"https:\/\/www.andacolloconectado.cl\/index.php\/turismo\/observatorio-collowara\/","title":{"rendered":"Observatorio Collowara"},"content":{"rendered":"<p style=\"text-align: justify;\">El <strong>Observatorio Tur\u00edstico Collowara<\/strong> (en Aymar\u00e1 significa \u00abcerro\/tierra de estrellas\u00bb), emplazado en el Cerro El Churqui, es un complejo cient\u00edfico, tur\u00edstico y educativo.<\/p>\n<p><!--more--><\/p>\n<p style=\"text-align: justify;\">Ubicado a 5 Km al sureste de Andacollo, a 59 kil\u00f3metros al sureste de la ciudad de La Serena y a 529 kil\u00f3metros aproximadamente de Santiago, con una altitud de 1.300 metros sobre el nivel del mar.<\/p>\n<p style=\"text-align: justify;\">Este Centro de Observaci\u00f3n Astron\u00f3mica, <strong>inaugurado el 25 de junio de 2004<\/strong>, cuenta con instrumentos de observaci\u00f3n de primer nivel, a trav\u00e9s de los cuales se puede apreciar el espacio celeste en toda su dimensi\u00f3n.<\/p>\n<p style=\"text-align: justify;\">Dentro de las experiencias que se pueden vivir en Collowara est\u00e1n las cenas tem\u00e1ticas, m\u00fasica con identidad local y astron\u00f3mica, y variados tours que incluyen gu\u00edas y monitores.<\/p>\n<p style=\"text-align: justify;\">Es un panorama ideal para que toda la familia conozca los <strong>misterios del Universo<\/strong> en uno de los cielos m\u00e1s limpios del mundo.www.collowara.cl<\/p>\n","protected":false},"excerpt":{"rendered":"<p>El Observatorio Tur\u00edstico Collowara (en Aymar\u00e1 significa \u00abcerro\/tierra de estrellas\u00bb), emplazado en el Cerro El Churqui, es un complejo cient\u00edfico, tur\u00edstico y educativo.<\/p>\n","protected":false},"author":3,"featured_media":0,"parent":51,"menu_order":5,"comment_status":"open","ping_status":"open","template":"page-single-turismo.php","meta":{"_acf_changed":false,"footnotes":""},"acf":[],"aioseo_notices":[],"_links":{"self":[{"href":"https:\/\/www.andacolloconectado.cl\/index.php\/wp-json\/wp\/v2\/pages\/360"}],"collection":[{"href":"https:\/\/www.andacolloconectado.cl\/index.php\/wp-json\/wp\/v2\/pages"}],"about":[{"href":"https:\/\/www.andacolloconectado.cl\/index.php\/wp-json\/wp\/v2\/types\/page"}],"author":[{"embeddable":true,"href":"https:\/\/www.andacolloconectado.cl\/index.php\/wp-json\/wp\/v2\/users\/3"}],"replies":[{"embeddable":true,"href":"https:\/\/www.andacolloconectado.cl\/index.php\/wp-json\/wp\/v2\/comments?post=360"}],"version-history":[{"count":7,"href":"https:\/\/www.andacolloconectado.cl\/index.php\/wp-json\/wp\/v2\/pages\/360\/revisions"}],"predecessor-version":[{"id":927,"href":"https:\/\/www.andacolloconectado.cl\/index.php\/wp-json\/wp\/v2\/pages\/360\/revisions\/927"}],"up":[{"embeddable":true,"href":"https:\/\/www.andacolloconectado.cl\/index.php\/wp-json\/wp\/v2\/pages\/51"}],"wp:attachment":[{"href":"https:\/\/www.andacolloconectado.cl\/index.php\/wp-json\/wp\/v2\/media?parent=360"}],"curies":[{"name":"wp","href":"https:\/\/api.w.org\/{rel}","templated":true}]}}