{"id":717,"date":"2015-08-24T13:39:09","date_gmt":"2015-08-24T13:39:09","guid":{"rendered":"http:\/\/164.77.116.3\/lfiacportal\/?page_id=717"},"modified":"2015-09-21T17:19:26","modified_gmt":"2015-09-21T17:19:26","slug":"pda","status":"publish","type":"page","link":"https:\/\/www.andacolloconectado.cl\/index.php\/pda\/","title":{"rendered":"Plan Descontaminaci\u00f3n Atmosf\u00e9rica (PDA)"},"content":{"rendered":"<p style=\"text-align: left;\"><strong>DE ANDACOLLO ENTR\u00d3 EN VIGENCIA DESDE EL 1 DE ENERO DE 2015<\/strong><\/p>\n<p style=\"text-align: left;\"><b>\u00bfQu\u00e9 es un PDA?<\/b><\/p>\n<p style=\"text-align: left;\">Es un conjunto de acciones, definidas por el Estado, para proteger la salud de la poblaci\u00f3n y deben ejecutarse para que la calidad del a\u00edre sea tan buena que cumpla con la normativa ambiental dentro de un plazo razonable.<\/p>\n<p><strong><br \/>\n\u00bfCu\u00e1l es el objetivo del PDA?<\/strong><\/p>\n<p style=\"text-align: left;\">El PDA tiene por objeto lograr que en la zona saturada, en un plazo de 5 a\u00f1os, se d\u00e9 cumplimiento a la norma primaria de calidad ambiental para material particulado respirable (MP10) como concentraci\u00f3n de 24 horas y anual, de manera de proteger la salud de la poblaci\u00f3n.<\/p>\n<p>&nbsp;<\/p>\n<p><strong>\u00bfQui\u00e9nes est\u00e1n involucrados en el PDA de Andacollo?<\/strong><\/p>\n<p><strong>Teck y Dayton:<\/strong><\/p>\n<p>&#8211; Cumplir las medidas.<br \/>\n&#8211; Entregar informaci\u00f3n exigida.<\/p>\n<p><strong>Ilustre Municipalidad de Andacollo:<\/strong><\/p>\n<p>&#8211; Cumplir las medidas.<br \/>\n&#8211; Informar a la comunidad.<\/p>\n<p><strong>Uni\u00f3n Comunal de Juntas de Vecinos:<\/strong><\/p>\n<p>&#8211; Elaborar programa de barrido, aspirado y lavado.<br \/>\n&#8211; Participar en visitas a terreno en proceso de evaluaci\u00f3n<\/p>\n<p><strong>Seremi de Medio Ambiente:<\/strong><\/p>\n<p>&#8211; Cumplir tareas del PDA.<br \/>\n&#8211; Aprobar programas.<br \/>\n&#8211; Apoyar la municipalidad.<\/p>\n<p><strong>Superintendencia de Media Ambiente:<\/strong><\/p>\n<p>&#8211; Recibir y aprobar documentos.<br \/>\n&#8211; Fiscalizar el cumplimiento del PDA.<br \/>\n&#8211; Informar sobre el cumplimiento.<\/p>\n<p>&nbsp;<\/p>\n<p><strong>AVANCE DE INICIATIVAS DEL PDA POR PARTE DE TECK:<\/strong><\/p>\n<p><strong>Medidas Obligatorias:<br \/>\n<\/strong>1. Veletas de direcci\u00f3n de viento.<br \/>\n2. Encapsulado camiones de concentrado.<br \/>\n3. Control de emisiones en frenes de carguio.<br \/>\n4. Encapsulado camiones de concentrado.<br \/>\n5. Red de monitoreo de calidad del a\u00edre.<br \/>\n6. Aplicaci\u00f3n de supresores de polvo en caminos internos.<br \/>\n7. Sistema web de monitorio ambiental.<br \/>\n8. Consideraci\u00f3n del viento durante tronadura.<\/p>\n<p><strong>Medidas Voluntarias:<br \/>\n<\/strong>1.\u00a0Domo stock pile.<br \/>\n2. Sistema de espuma en chancado.<br \/>\n3. Encapsulado chancadores.<br \/>\n4. Curso monitoreos ambientales.<br \/>\n5. Pavimentaci\u00f3n de caminos internos.<br \/>\n6. Ca\u00f1o\u00f1es nebulizadores m\u00f3viles.<br \/>\n7. Software pron\u00f3sticos meteorol\u00f3gico.<br \/>\n8. Lavado de calles en Andacollo.<br \/>\n9. Globo meteorol\u00f3gico.<br \/>\n10. Extracci\u00f3n de relaves mineros abandonados.<\/p>\n<p>&nbsp;<\/p>\n","protected":false},"excerpt":{"rendered":"<p>DE ANDACOLLO ENTR\u00d3 EN VIGENCIA DESDE EL 1 DE ENERO DE 2015 \u00bfQu\u00e9 es un PDA? Es un conjunto de acciones, definidas por el Estado, para proteger la salud de la poblaci\u00f3n y deben ejecutarse para que la calidad del a\u00edre sea tan buena que cumpla con la normativa ambiental dentro de un plazo razonable. [&hellip;]<\/p>\n","protected":false},"author":4,"featured_media":0,"parent":0,"menu_order":0,"comment_status":"open","ping_status":"open","template":"","meta":{"_acf_changed":false,"footnotes":""},"acf":[],"aioseo_notices":[],"_links":{"self":[{"href":"https:\/\/www.andacolloconectado.cl\/index.php\/wp-json\/wp\/v2\/pages\/717"}],"collection":[{"href":"https:\/\/www.andacolloconectado.cl\/index.php\/wp-json\/wp\/v2\/pages"}],"about":[{"href":"https:\/\/www.andacolloconectado.cl\/index.php\/wp-json\/wp\/v2\/types\/page"}],"author":[{"embeddable":true,"href":"https:\/\/www.andacolloconectado.cl\/index.php\/wp-json\/wp\/v2\/users\/4"}],"replies":[{"embeddable":true,"href":"https:\/\/www.andacolloconectado.cl\/index.php\/wp-json\/wp\/v2\/comments?post=717"}],"version-history":[{"count":24,"href":"https:\/\/www.andacolloconectado.cl\/index.php\/wp-json\/wp\/v2\/pages\/717\/revisions"}],"predecessor-version":[{"id":851,"href":"https:\/\/www.andacolloconectado.cl\/index.php\/wp-json\/wp\/v2\/pages\/717\/revisions\/851"}],"wp:attachment":[{"href":"https:\/\/www.andacolloconectado.cl\/index.php\/wp-json\/wp\/v2\/media?parent=717"}],"curies":[{"name":"wp","href":"https:\/\/api.w.org\/{rel}","templated":true}]}}